{"id":1898,"date":"2025-03-13T17:20:05","date_gmt":"2025-03-13T16:20:05","guid":{"rendered":"https:\/\/www.aleb.fr\/2024\/?page_id=1898"},"modified":"2025-03-13T17:20:05","modified_gmt":"2025-03-13T16:20:05","slug":"demarche-mon-restau-responsable","status":"publish","type":"page","link":"https:\/\/www.aleb.fr\/2024\/demarche-mon-restau-responsable\/","title":{"rendered":"D\u00e9marche Mon restau responsable"},"content":{"rendered":"\n<h2 class=\"wp-block-heading\"><strong><em>Mon Restau Responsable<sup>\u00ae<\/sup>, une d\u00e9marche pour une alimentation plus saine et durable<\/em><\/strong><\/h2>\n\n\n\n<p id=\"block-8b1f0ffb-45bc-4bb6-8661-51a0284e55eb\">En tant qu\u2019acteur de la restauration collective, notre \u00e9quipe s\u2019engage dans la d\u00e9marche cr\u00e9\u00e9e par la Fondation pour la Nature et l\u2019Homme et le r\u00e9seau Restau\u2019Co pour :<\/p>\n\n\n\n<ul id=\"block-cfbb4e7b-0797-4427-8b92-2ccf4cc04a23\" class=\"wp-block-list\">\n<li>Soutenir le d\u00e9veloppement d\u2019une offre agricole de proximit\u00e9 et plus respectueuse de la sant\u00e9 humaine et de la biodiversit\u00e9 (agriculture bio, raisonn\u00e9e\u2026).<\/li>\n\n\n\n<li>Sensibiliser les convives et faire \u00e9voluer leurs comportements alimentaires selon la r\u00e8gle d\u2019or \u00ab qualit\u00e9, proximit\u00e9, saisonnalit\u00e9 \u00bb.<\/li>\n\n\n\n<li>Permettre \u00e0 toutes et tous l\u2019acc\u00e8s \u00e0 une alimentation saine et de qualit\u00e9, quel que soit le niveau social. Rappelons que 10 millions de personnes par jours se nourrissent en restauration collective et pour certains le seul repas \u00e9quilibr\u00e9 de la journ\u00e9e\u00a0!<\/li>\n<\/ul>\n\n\n\n<p id=\"block-717da551-98ad-4e4e-984a-d320c081b739\">C\u2019est pour toutes ces raisons que l\u2019\u00e9quipe de restauration de l\u2019ALEB a choisi de s\u2019engager au quotidien avec <a href=\"http:\/\/www.monrestauresponsable.org\" target=\"_blank\" rel=\"noreferrer noopener\">Mon Restau Responsable<\/a><sup>\u00ae<\/sup>&nbsp;!<\/p>\n\n\n\n<div id=\"section-g-j2hq5ij\" class=\"wp-block-gutentor-e6 section-g-j2hq5ij gutentor-element gutentor-element-image\"><div class=\"gutentor-element-image-box\"><div class=\"gutentor-image-thumb\"><img decoding=\"async\" class=\"normal-image\" src=\"http:\/\/www.aleb.fr\/2024\/wp-content\/uploads\/2025\/03\/Restau-responsable-1-1080x1080-1.jpg\"\/><\/div><\/div><\/div>\n","protected":false},"excerpt":{"rendered":"<p>Mon Restau Responsable\u00ae, une d\u00e9marche pour une alimentation plus saine et durable En tant qu\u2019acteur de la restauration collective, notre &hellip; <\/p>\n","protected":false},"author":1,"featured_media":1892,"parent":0,"menu_order":0,"comment_status":"closed","ping_status":"closed","template":"","meta":{"footnotes":""},"class_list":["post-1898","page","type-page","status-publish","has-post-thumbnail","hentry"],"yoast_head":"<!-- This site is optimized with the Yoast SEO plugin v23.5 - https:\/\/yoast.com\/wordpress\/plugins\/seo\/ -->\n<title>D\u00e9marche Mon restau responsable - Centre de Vacances ALEB<\/title>\n<meta name=\"robots\" content=\"index, follow, max-snippet:-1, max-image-preview:large, max-video-preview:-1\" \/>\n<link rel=\"canonical\" href=\"https:\/\/www.aleb.fr\/2024\/demarche-mon-restau-responsable\/\" \/>\n<meta property=\"og:locale\" content=\"fr_FR\" \/>\n<meta property=\"og:type\" content=\"article\" \/>\n<meta property=\"og:title\" content=\"D\u00e9marche Mon restau responsable - Centre de Vacances ALEB\" \/>\n<meta property=\"og:description\" content=\"Mon Restau Responsable\u00ae, une d\u00e9marche pour une alimentation plus saine et durable En tant qu\u2019acteur de la restauration collective, notre &hellip;\" \/>\n<meta property=\"og:url\" content=\"https:\/\/www.aleb.fr\/2024\/demarche-mon-restau-responsable\/\" \/>\n<meta property=\"og:site_name\" content=\"Centre de Vacances ALEB\" \/>\n<meta property=\"article:publisher\" content=\"https:\/\/www.facebook.com\/aleb33\" \/>\n<meta property=\"og:image\" content=\"https:\/\/www.aleb.fr\/2024\/wp-content\/uploads\/2025\/03\/Restau-responsable-1-1080x1080-1.jpg\" \/>\n\t<meta property=\"og:image:width\" content=\"1080\" \/>\n\t<meta property=\"og:image:height\" content=\"1080\" \/>\n\t<meta property=\"og:image:type\" content=\"image\/jpeg\" \/>\n<meta name=\"twitter:card\" content=\"summary_large_image\" \/>\n<meta name=\"twitter:label1\" content=\"Dur\u00e9e de lecture estim\u00e9e\" \/>\n\t<meta name=\"twitter:data1\" content=\"2 minutes\" \/>\n<script type=\"application\/ld+json\" class=\"yoast-schema-graph\">{\"@context\":\"https:\/\/schema.org\",\"@graph\":[{\"@type\":\"WebPage\",\"@id\":\"https:\/\/www.aleb.fr\/2024\/demarche-mon-restau-responsable\/\",\"url\":\"https:\/\/www.aleb.fr\/2024\/demarche-mon-restau-responsable\/\",\"name\":\"D\u00e9marche Mon restau responsable - Centre de Vacances ALEB\",\"isPartOf\":{\"@id\":\"http:\/\/www.aleb.fr\/2024\/#website\"},\"primaryImageOfPage\":{\"@id\":\"https:\/\/www.aleb.fr\/2024\/demarche-mon-restau-responsable\/#primaryimage\"},\"image\":{\"@id\":\"https:\/\/www.aleb.fr\/2024\/demarche-mon-restau-responsable\/#primaryimage\"},\"thumbnailUrl\":\"https:\/\/www.aleb.fr\/2024\/wp-content\/uploads\/2025\/03\/Restau-responsable-1-1080x1080-1.jpg\",\"datePublished\":\"2025-03-13T16:20:05+00:00\",\"dateModified\":\"2025-03-13T16:20:05+00:00\",\"breadcrumb\":{\"@id\":\"https:\/\/www.aleb.fr\/2024\/demarche-mon-restau-responsable\/#breadcrumb\"},\"inLanguage\":\"fr-FR\",\"potentialAction\":[{\"@type\":\"ReadAction\",\"target\":[\"https:\/\/www.aleb.fr\/2024\/demarche-mon-restau-responsable\/\"]}]},{\"@type\":\"ImageObject\",\"inLanguage\":\"fr-FR\",\"@id\":\"https:\/\/www.aleb.fr\/2024\/demarche-mon-restau-responsable\/#primaryimage\",\"url\":\"https:\/\/www.aleb.fr\/2024\/wp-content\/uploads\/2025\/03\/Restau-responsable-1-1080x1080-1.jpg\",\"contentUrl\":\"https:\/\/www.aleb.fr\/2024\/wp-content\/uploads\/2025\/03\/Restau-responsable-1-1080x1080-1.jpg\",\"width\":1080,\"height\":1080},{\"@type\":\"BreadcrumbList\",\"@id\":\"https:\/\/www.aleb.fr\/2024\/demarche-mon-restau-responsable\/#breadcrumb\",\"itemListElement\":[{\"@type\":\"ListItem\",\"position\":1,\"name\":\"Accueil\",\"item\":\"https:\/\/www.aleb.fr\/2024\/\"},{\"@type\":\"ListItem\",\"position\":2,\"name\":\"D\u00e9marche Mon restau responsable\"}]},{\"@type\":\"WebSite\",\"@id\":\"http:\/\/www.aleb.fr\/2024\/#website\",\"url\":\"http:\/\/www.aleb.fr\/2024\/\",\"name\":\"ALEB\",\"description\":\"Votre h\u00e9bergement au coeur du Bassin d&#039;Arcachon\",\"publisher\":{\"@id\":\"http:\/\/www.aleb.fr\/2024\/#organization\"},\"potentialAction\":[{\"@type\":\"SearchAction\",\"target\":{\"@type\":\"EntryPoint\",\"urlTemplate\":\"http:\/\/www.aleb.fr\/2024\/?s={search_term_string}\"},\"query-input\":{\"@type\":\"PropertyValueSpecification\",\"valueRequired\":true,\"valueName\":\"search_term_string\"}}],\"inLanguage\":\"fr-FR\"},{\"@type\":\"Organization\",\"@id\":\"http:\/\/www.aleb.fr\/2024\/#organization\",\"name\":\"Centre de Vacances ALEB\",\"url\":\"http:\/\/www.aleb.fr\/2024\/\",\"logo\":{\"@type\":\"ImageObject\",\"inLanguage\":\"fr-FR\",\"@id\":\"http:\/\/www.aleb.fr\/2024\/#\/schema\/logo\/image\/\",\"url\":\"http:\/\/www.aleb.fr\/2024\/wp-content\/uploads\/2015\/03\/cropped-logo.png\",\"contentUrl\":\"http:\/\/www.aleb.fr\/2024\/wp-content\/uploads\/2015\/03\/cropped-logo.png\",\"width\":129,\"height\":144,\"caption\":\"Centre de Vacances ALEB\"},\"image\":{\"@id\":\"http:\/\/www.aleb.fr\/2024\/#\/schema\/logo\/image\/\"},\"sameAs\":[\"https:\/\/www.facebook.com\/aleb33\"]}]}<\/script>\n<!-- \/ Yoast SEO plugin. -->","yoast_head_json":{"title":"D\u00e9marche Mon restau responsable - Centre de Vacances ALEB","robots":{"index":"index","follow":"follow","max-snippet":"max-snippet:-1","max-image-preview":"max-image-preview:large","max-video-preview":"max-video-preview:-1"},"canonical":"https:\/\/www.aleb.fr\/2024\/demarche-mon-restau-responsable\/","og_locale":"fr_FR","og_type":"article","og_title":"D\u00e9marche Mon restau responsable - Centre de Vacances ALEB","og_description":"Mon Restau Responsable\u00ae, une d\u00e9marche pour une alimentation plus saine et durable En tant qu\u2019acteur de la restauration collective, notre &hellip;","og_url":"https:\/\/www.aleb.fr\/2024\/demarche-mon-restau-responsable\/","og_site_name":"Centre de Vacances ALEB","article_publisher":"https:\/\/www.facebook.com\/aleb33","og_image":[{"width":1080,"height":1080,"url":"https:\/\/www.aleb.fr\/2024\/wp-content\/uploads\/2025\/03\/Restau-responsable-1-1080x1080-1.jpg","type":"image\/jpeg"}],"twitter_card":"summary_large_image","twitter_misc":{"Dur\u00e9e de lecture estim\u00e9e":"2 minutes"},"schema":{"@context":"https:\/\/schema.org","@graph":[{"@type":"WebPage","@id":"https:\/\/www.aleb.fr\/2024\/demarche-mon-restau-responsable\/","url":"https:\/\/www.aleb.fr\/2024\/demarche-mon-restau-responsable\/","name":"D\u00e9marche Mon restau responsable - Centre de Vacances ALEB","isPartOf":{"@id":"http:\/\/www.aleb.fr\/2024\/#website"},"primaryImageOfPage":{"@id":"https:\/\/www.aleb.fr\/2024\/demarche-mon-restau-responsable\/#primaryimage"},"image":{"@id":"https:\/\/www.aleb.fr\/2024\/demarche-mon-restau-responsable\/#primaryimage"},"thumbnailUrl":"https:\/\/www.aleb.fr\/2024\/wp-content\/uploads\/2025\/03\/Restau-responsable-1-1080x1080-1.jpg","datePublished":"2025-03-13T16:20:05+00:00","dateModified":"2025-03-13T16:20:05+00:00","breadcrumb":{"@id":"https:\/\/www.aleb.fr\/2024\/demarche-mon-restau-responsable\/#breadcrumb"},"inLanguage":"fr-FR","potentialAction":[{"@type":"ReadAction","target":["https:\/\/www.aleb.fr\/2024\/demarche-mon-restau-responsable\/"]}]},{"@type":"ImageObject","inLanguage":"fr-FR","@id":"https:\/\/www.aleb.fr\/2024\/demarche-mon-restau-responsable\/#primaryimage","url":"https:\/\/www.aleb.fr\/2024\/wp-content\/uploads\/2025\/03\/Restau-responsable-1-1080x1080-1.jpg","contentUrl":"https:\/\/www.aleb.fr\/2024\/wp-content\/uploads\/2025\/03\/Restau-responsable-1-1080x1080-1.jpg","width":1080,"height":1080},{"@type":"BreadcrumbList","@id":"https:\/\/www.aleb.fr\/2024\/demarche-mon-restau-responsable\/#breadcrumb","itemListElement":[{"@type":"ListItem","position":1,"name":"Accueil","item":"https:\/\/www.aleb.fr\/2024\/"},{"@type":"ListItem","position":2,"name":"D\u00e9marche Mon restau responsable"}]},{"@type":"WebSite","@id":"http:\/\/www.aleb.fr\/2024\/#website","url":"http:\/\/www.aleb.fr\/2024\/","name":"ALEB","description":"Votre h\u00e9bergement au coeur du Bassin d&#039;Arcachon","publisher":{"@id":"http:\/\/www.aleb.fr\/2024\/#organization"},"potentialAction":[{"@type":"SearchAction","target":{"@type":"EntryPoint","urlTemplate":"http:\/\/www.aleb.fr\/2024\/?s={search_term_string}"},"query-input":{"@type":"PropertyValueSpecification","valueRequired":true,"valueName":"search_term_string"}}],"inLanguage":"fr-FR"},{"@type":"Organization","@id":"http:\/\/www.aleb.fr\/2024\/#organization","name":"Centre de Vacances ALEB","url":"http:\/\/www.aleb.fr\/2024\/","logo":{"@type":"ImageObject","inLanguage":"fr-FR","@id":"http:\/\/www.aleb.fr\/2024\/#\/schema\/logo\/image\/","url":"http:\/\/www.aleb.fr\/2024\/wp-content\/uploads\/2015\/03\/cropped-logo.png","contentUrl":"http:\/\/www.aleb.fr\/2024\/wp-content\/uploads\/2015\/03\/cropped-logo.png","width":129,"height":144,"caption":"Centre de Vacances ALEB"},"image":{"@id":"http:\/\/www.aleb.fr\/2024\/#\/schema\/logo\/image\/"},"sameAs":["https:\/\/www.facebook.com\/aleb33"]}]}},"_links":{"self":[{"href":"https:\/\/www.aleb.fr\/2024\/wp-json\/wp\/v2\/pages\/1898","targetHints":{"allow":["GET"]}}],"collection":[{"href":"https:\/\/www.aleb.fr\/2024\/wp-json\/wp\/v2\/pages"}],"about":[{"href":"https:\/\/www.aleb.fr\/2024\/wp-json\/wp\/v2\/types\/page"}],"author":[{"embeddable":true,"href":"https:\/\/www.aleb.fr\/2024\/wp-json\/wp\/v2\/users\/1"}],"replies":[{"embeddable":true,"href":"https:\/\/www.aleb.fr\/2024\/wp-json\/wp\/v2\/comments?post=1898"}],"version-history":[{"count":1,"href":"https:\/\/www.aleb.fr\/2024\/wp-json\/wp\/v2\/pages\/1898\/revisions"}],"predecessor-version":[{"id":1899,"href":"https:\/\/www.aleb.fr\/2024\/wp-json\/wp\/v2\/pages\/1898\/revisions\/1899"}],"wp:featuredmedia":[{"embeddable":true,"href":"https:\/\/www.aleb.fr\/2024\/wp-json\/wp\/v2\/media\/1892"}],"wp:attachment":[{"href":"https:\/\/www.aleb.fr\/2024\/wp-json\/wp\/v2\/media?parent=1898"}],"curies":[{"name":"wp","href":"https:\/\/api.w.org\/{rel}","templated":true}]}}