{"id":1459,"date":"2015-03-27T13:17:30","date_gmt":"2015-03-27T12:17:30","guid":{"rendered":"http:\/\/www.aleb.fr\/2015\/?page_id=6"},"modified":"2023-11-08T14:41:42","modified_gmt":"2023-11-08T13:41:42","slug":"bienvenue-chez-vous","status":"publish","type":"page","link":"https:\/\/www.aleb.fr\/2024\/","title":{"rendered":"Bienvenue chez vous"},"content":{"rendered":"<h5 class=\"col-md-8\" style=\"text-align: left;\">On ne peut rester indiff\u00e9rent devant un contexte si id\u00e9al pour les groupes quels qu\u2019ils soient ! Amoureux de la nature, \u00e9l\u00e8ves en d\u00e9couverte scolaire, sportifs en stage, adultes en formation, touristes sur le Bassin d\u2019Arcachon et la r\u00e9gion Bordelaise\u2026<\/h5>\n<div class=\"col-md-3\"><\/div>\n","protected":false},"excerpt":{"rendered":"<p>On ne peut rester indiff\u00e9rent devant un contexte si id\u00e9al pour les groupes quels qu\u2019ils soient ! Amoureux de la &hellip; <\/p>\n","protected":false},"author":2,"featured_media":0,"parent":0,"menu_order":0,"comment_status":"closed","ping_status":"closed","template":"","meta":{"footnotes":""},"class_list":["post-1459","page","type-page","status-publish","hentry"],"yoast_head":"<!-- This site is optimized with the Yoast SEO plugin v23.5 - https:\/\/yoast.com\/wordpress\/plugins\/seo\/ -->\n<title>Centre de Vacances 6-10 ANS | ALEB<\/title>\n<meta name=\"description\" content=\"Centre de vacances enfants pour les 6-10 ans au c\u0153ur du Bassin d&#039;Arcachon. Un lieu unique pour les classes d\u00e9couvertes, s\u00e9minaire, familles, groupes et CE\" \/>\n<meta name=\"robots\" content=\"index, follow, max-snippet:-1, max-image-preview:large, max-video-preview:-1\" \/>\n<link rel=\"canonical\" href=\"https:\/\/www.aleb.fr\/2024\/\" \/>\n<meta property=\"og:locale\" content=\"fr_FR\" \/>\n<meta property=\"og:type\" content=\"article\" \/>\n<meta property=\"og:title\" content=\"Centre de Vacances 6-10 ANS | ALEB\" \/>\n<meta property=\"og:description\" content=\"Centre de vacances enfants pour les 6-10 ans au c\u0153ur du Bassin d&#039;Arcachon. Un lieu unique pour les classes d\u00e9couvertes, s\u00e9minaire, familles, groupes et CE\" \/>\n<meta property=\"og:url\" content=\"https:\/\/www.aleb.fr\/2024\/\" \/>\n<meta property=\"og:site_name\" content=\"Centre de Vacances ALEB\" \/>\n<meta property=\"article:publisher\" content=\"https:\/\/www.facebook.com\/aleb33\" \/>\n<meta property=\"article:modified_time\" content=\"2023-11-08T13:41:42+00:00\" \/>\n<meta name=\"twitter:card\" content=\"summary_large_image\" \/>\n<script type=\"application\/ld+json\" class=\"yoast-schema-graph\">{\"@context\":\"https:\/\/schema.org\",\"@graph\":[{\"@type\":\"WebPage\",\"@id\":\"https:\/\/www.aleb.fr\/2024\/\",\"url\":\"https:\/\/www.aleb.fr\/2024\/\",\"name\":\"Centre de Vacances 6-10 ANS | ALEB\",\"isPartOf\":{\"@id\":\"http:\/\/www.aleb.fr\/2024\/#website\"},\"datePublished\":\"2015-03-27T12:17:30+00:00\",\"dateModified\":\"2023-11-08T13:41:42+00:00\",\"description\":\"Centre de vacances enfants pour les 6-10 ans au c\u0153ur du Bassin d'Arcachon. Un lieu unique pour les classes d\u00e9couvertes, s\u00e9minaire, familles, groupes et CE\",\"breadcrumb\":{\"@id\":\"https:\/\/www.aleb.fr\/2024\/#breadcrumb\"},\"inLanguage\":\"fr-FR\",\"potentialAction\":[{\"@type\":\"ReadAction\",\"target\":[\"https:\/\/www.aleb.fr\/2024\/\"]}]},{\"@type\":\"BreadcrumbList\",\"@id\":\"https:\/\/www.aleb.fr\/2024\/#breadcrumb\",\"itemListElement\":[{\"@type\":\"ListItem\",\"position\":1,\"name\":\"Accueil\",\"item\":\"https:\/\/www.aleb.fr\/2024\/\"},{\"@type\":\"ListItem\",\"position\":2,\"name\":\"Bienvenue chez vous\"}]},{\"@type\":\"WebSite\",\"@id\":\"http:\/\/www.aleb.fr\/2024\/#website\",\"url\":\"http:\/\/www.aleb.fr\/2024\/\",\"name\":\"ALEB\",\"description\":\"Votre h\u00e9bergement au coeur du Bassin d&#039;Arcachon\",\"publisher\":{\"@id\":\"http:\/\/www.aleb.fr\/2024\/#organization\"},\"potentialAction\":[{\"@type\":\"SearchAction\",\"target\":{\"@type\":\"EntryPoint\",\"urlTemplate\":\"http:\/\/www.aleb.fr\/2024\/?s={search_term_string}\"},\"query-input\":{\"@type\":\"PropertyValueSpecification\",\"valueRequired\":true,\"valueName\":\"search_term_string\"}}],\"inLanguage\":\"fr-FR\"},{\"@type\":\"Organization\",\"@id\":\"http:\/\/www.aleb.fr\/2024\/#organization\",\"name\":\"Centre de Vacances ALEB\",\"url\":\"http:\/\/www.aleb.fr\/2024\/\",\"logo\":{\"@type\":\"ImageObject\",\"inLanguage\":\"fr-FR\",\"@id\":\"http:\/\/www.aleb.fr\/2024\/#\/schema\/logo\/image\/\",\"url\":\"http:\/\/www.aleb.fr\/2024\/wp-content\/uploads\/2015\/03\/cropped-logo.png\",\"contentUrl\":\"http:\/\/www.aleb.fr\/2024\/wp-content\/uploads\/2015\/03\/cropped-logo.png\",\"width\":129,\"height\":144,\"caption\":\"Centre de Vacances ALEB\"},\"image\":{\"@id\":\"http:\/\/www.aleb.fr\/2024\/#\/schema\/logo\/image\/\"},\"sameAs\":[\"https:\/\/www.facebook.com\/aleb33\"]}]}<\/script>\n<!-- \/ Yoast SEO plugin. -->","yoast_head_json":{"title":"Centre de Vacances 6-10 ANS | ALEB","description":"Centre de vacances enfants pour les 6-10 ans au c\u0153ur du Bassin d'Arcachon. Un lieu unique pour les classes d\u00e9couvertes, s\u00e9minaire, familles, groupes et CE","robots":{"index":"index","follow":"follow","max-snippet":"max-snippet:-1","max-image-preview":"max-image-preview:large","max-video-preview":"max-video-preview:-1"},"canonical":"https:\/\/www.aleb.fr\/2024\/","og_locale":"fr_FR","og_type":"article","og_title":"Centre de Vacances 6-10 ANS | ALEB","og_description":"Centre de vacances enfants pour les 6-10 ans au c\u0153ur du Bassin d'Arcachon. Un lieu unique pour les classes d\u00e9couvertes, s\u00e9minaire, familles, groupes et CE","og_url":"https:\/\/www.aleb.fr\/2024\/","og_site_name":"Centre de Vacances ALEB","article_publisher":"https:\/\/www.facebook.com\/aleb33","article_modified_time":"2023-11-08T13:41:42+00:00","twitter_card":"summary_large_image","schema":{"@context":"https:\/\/schema.org","@graph":[{"@type":"WebPage","@id":"https:\/\/www.aleb.fr\/2024\/","url":"https:\/\/www.aleb.fr\/2024\/","name":"Centre de Vacances 6-10 ANS | ALEB","isPartOf":{"@id":"http:\/\/www.aleb.fr\/2024\/#website"},"datePublished":"2015-03-27T12:17:30+00:00","dateModified":"2023-11-08T13:41:42+00:00","description":"Centre de vacances enfants pour les 6-10 ans au c\u0153ur du Bassin d'Arcachon. Un lieu unique pour les classes d\u00e9couvertes, s\u00e9minaire, familles, groupes et CE","breadcrumb":{"@id":"https:\/\/www.aleb.fr\/2024\/#breadcrumb"},"inLanguage":"fr-FR","potentialAction":[{"@type":"ReadAction","target":["https:\/\/www.aleb.fr\/2024\/"]}]},{"@type":"BreadcrumbList","@id":"https:\/\/www.aleb.fr\/2024\/#breadcrumb","itemListElement":[{"@type":"ListItem","position":1,"name":"Accueil","item":"https:\/\/www.aleb.fr\/2024\/"},{"@type":"ListItem","position":2,"name":"Bienvenue chez vous"}]},{"@type":"WebSite","@id":"http:\/\/www.aleb.fr\/2024\/#website","url":"http:\/\/www.aleb.fr\/2024\/","name":"ALEB","description":"Votre h\u00e9bergement au coeur du Bassin d&#039;Arcachon","publisher":{"@id":"http:\/\/www.aleb.fr\/2024\/#organization"},"potentialAction":[{"@type":"SearchAction","target":{"@type":"EntryPoint","urlTemplate":"http:\/\/www.aleb.fr\/2024\/?s={search_term_string}"},"query-input":{"@type":"PropertyValueSpecification","valueRequired":true,"valueName":"search_term_string"}}],"inLanguage":"fr-FR"},{"@type":"Organization","@id":"http:\/\/www.aleb.fr\/2024\/#organization","name":"Centre de Vacances ALEB","url":"http:\/\/www.aleb.fr\/2024\/","logo":{"@type":"ImageObject","inLanguage":"fr-FR","@id":"http:\/\/www.aleb.fr\/2024\/#\/schema\/logo\/image\/","url":"http:\/\/www.aleb.fr\/2024\/wp-content\/uploads\/2015\/03\/cropped-logo.png","contentUrl":"http:\/\/www.aleb.fr\/2024\/wp-content\/uploads\/2015\/03\/cropped-logo.png","width":129,"height":144,"caption":"Centre de Vacances ALEB"},"image":{"@id":"http:\/\/www.aleb.fr\/2024\/#\/schema\/logo\/image\/"},"sameAs":["https:\/\/www.facebook.com\/aleb33"]}]}},"_links":{"self":[{"href":"https:\/\/www.aleb.fr\/2024\/wp-json\/wp\/v2\/pages\/1459","targetHints":{"allow":["GET"]}}],"collection":[{"href":"https:\/\/www.aleb.fr\/2024\/wp-json\/wp\/v2\/pages"}],"about":[{"href":"https:\/\/www.aleb.fr\/2024\/wp-json\/wp\/v2\/types\/page"}],"author":[{"embeddable":true,"href":"https:\/\/www.aleb.fr\/2024\/wp-json\/wp\/v2\/users\/2"}],"replies":[{"embeddable":true,"href":"https:\/\/www.aleb.fr\/2024\/wp-json\/wp\/v2\/comments?post=1459"}],"version-history":[{"count":1,"href":"https:\/\/www.aleb.fr\/2024\/wp-json\/wp\/v2\/pages\/1459\/revisions"}],"predecessor-version":[{"id":1715,"href":"https:\/\/www.aleb.fr\/2024\/wp-json\/wp\/v2\/pages\/1459\/revisions\/1715"}],"wp:attachment":[{"href":"https:\/\/www.aleb.fr\/2024\/wp-json\/wp\/v2\/media?parent=1459"}],"curies":[{"name":"wp","href":"https:\/\/api.w.org\/{rel}","templated":true}]}}