{"id":366,"date":"2015-04-08T17:25:35","date_gmt":"2015-04-08T16:25:35","guid":{"rendered":"http:\/\/www.aleb.fr\/2015\/?page_id=366"},"modified":"2015-04-08T17:25:35","modified_gmt":"2015-04-08T16:25:35","slug":"mentions-legales","status":"publish","type":"page","link":"http:\/\/www.aleb.fr\/2024\/mentions-legales\/","title":{"rendered":"mentions l\u00e9gales"},"content":{"rendered":"<h3>Vos donn\u00e9es personnelles<\/h3>\n<p>Les informations collect\u00e9es sur le site malod.fr sont destin\u00e9es au ALEB. Elles font l\u2019objet d\u2019un traitement informatique ayant pour finalit\u00e9 le traitement de votre demande et notre gestion commerciale principalement.<\/p>\n<p>\u2022 la r\u00e9ponse aux demandes d\u2019information formul\u00e9es sur le site<br \/>\n\u2022 l\u2019envoi d\u2019informations commerciales lorsque vous avez donn\u00e9 votre accord ou lorsque la l\u00e9gislation en vigueur l\u2019autorise<br \/>\n\u2022 l\u2019\u00e9tablissement de statistiques g\u00e9n\u00e9rales sur la consultation du site afin d\u2019am\u00e9liorer les prestations que nous offrons sur ce site.<\/p>\n<p>Conform\u00e9ment \u00e0 la loi n\u00b078-17 du 6 janvier 1978 relative \u00e0 l\u2019informatique, aux fichiers et aux libert\u00e9s, vous disposez d\u2019un droit d\u2019acc\u00e8s, de rectification, de suppression des informations qui vous concernent, que vous pouvez exercer en vous adressant au Centre ALEB par mail<\/p>\n<p>Les champs des formulaires d\u2019inscription suivis d\u2019un ast\u00e9risque doivent obligatoirement \u00eatre renseign\u00e9s. A d\u00e9faut, nous ne pouvons pas prendre en compte votre demande d\u2019information.<\/p>\n<p>Nous pouvons \u00e9galement collecter des donn\u00e9es concernant votre utilisation du site, par exemple les pages que vous visitez ou les services que vous utilisez afin de mieux comprendre vos attentes et d\u2019am\u00e9liorer le fonctionnement du site.<\/p>\n<h3>Cr\u00e9dits<\/h3>\n<p>Nom du site : ALEB | Centre de vacances pour les 6-17 ans<br \/>\nEditeur du site : M. NICOLAS CHAUVIN<br \/>\nDirecteur de publication : M. NICOLAS CHAUVIN<br \/>\nConception et r\u00e9alisation : STUDIO MALOD | JULIEN DUCAMP, Siret : 513573477<br \/>\nH\u00e9bergement : OVH<\/p>\n<p>L\u2019utilisateur du site Internet reconna\u00eet disposer de la comp\u00e9tence et des moyens n\u00e9cessaires pour acc\u00e9der et utiliser ce site. Il reconna\u00eet \u00e9galement avoir pris connaissance de la pr\u00e9sente notice l\u00e9gale et s\u2019engage \u00e0 la respecter.<\/p>\n<h3>Loi informatique<\/h3>\n<p>Certaines rubriques n\u00e9cessitent une inscription avec des donn\u00e9es vous concernant.<br \/>\nCependant, le site institutionnel fait l\u2019objet d\u2019une dispense n\u00b0 7 \u2013 D\u00e9lib\u00e9ration n\u00b02006-138 du 9 mai 2006 d\u00e9cidant de la dispense de d\u00e9claration des traitements constitu\u00e9s \u00e0 des fins d\u2019information ou de communication externe.<br \/>\nLes donn\u00e9es personnelles recueillies sur le site r\u00e9sultent de la communication volontaire d\u2019une adresse de courrier \u00e9lectronique lors du d\u00e9p\u00f4t d\u2019un message \u00e9lectronique. Le centre ALEB\u00a0conserve de mani\u00e8re confidentielle les adresses e-mails. Aucun usage ne sera fait de ces adresses hormis l\u2019envoi des newsletters aux personnes en ayant fait la demande. Les adresses \u00e9lectroniques collect\u00e9es ne feront l\u2019objet d\u2019aucune cession \u00e0 des tiers.<\/p>\n<p>Vous disposez d\u2019un droit d\u2019acc\u00e8s, de modification, de rectification et de suppression des donn\u00e9es qui vous concernent (art. 34 de la loi \u00ab Informatique et Libert\u00e9s \u00bb du 6 janvier 1978). Pour l\u2019exercer merci d\u2019\u00e9crire \u00e0 Monsieur Nicolas CHAUVIN par le biais du <a href=\"\/contact\">formulaire de contact<\/a><\/p>\n<h3>Droits de reproductions, copies<\/h3>\n<p>Conform\u00e9ment aux lois r\u00e9gissant les droits de propri\u00e9t\u00e9 litt\u00e9raire et artistique ou voisins, la reproduction et la repr\u00e9sentation de tout ou partie des \u00e9l\u00e9ments composant de ce site sont strictement interdites.<\/p>\n<p>Toute repr\u00e9sentation totale ou partielle de ce site par quelque proc\u00e9d\u00e9 que ce soit, sans l\u2019autorisation expresse de l\u2019exploitant du site Internet est interdite et constituerait une contrefa\u00e7on sanctionn\u00e9e par les article L 335-2 et suivants du Code de la propri\u00e9t\u00e9 intellectuelle.<\/p>\n<h3>Contact et informations<\/h3>\n<p>Vous pouvez nous joindre par t\u00e9l\u00e9phone ou par le biais de notre <a href=\"\/contact\">formulaire<\/a><\/p>\n","protected":false},"excerpt":{"rendered":"<p>Vos donn\u00e9es personnelles Les informations collect\u00e9es sur le site malod.fr sont destin\u00e9es au ALEB. Elles font l\u2019objet d\u2019un traitement informatique &hellip; <\/p>\n","protected":false},"author":2,"featured_media":0,"parent":0,"menu_order":0,"comment_status":"closed","ping_status":"closed","template":"page-accueil.php","meta":{"footnotes":""},"class_list":["post-366","page","type-page","status-publish","hentry"],"yoast_head":"<!-- This site is optimized with the Yoast SEO plugin v23.5 - https:\/\/yoast.com\/wordpress\/plugins\/seo\/ -->\n<title>mentions l\u00e9gales - Centre de Vacances ALEB<\/title>\n<meta name=\"robots\" content=\"index, follow, max-snippet:-1, max-image-preview:large, max-video-preview:-1\" \/>\n<link rel=\"canonical\" href=\"http:\/\/www.aleb.fr\/2024\/mentions-legales\/\" \/>\n<meta property=\"og:locale\" content=\"fr_FR\" \/>\n<meta property=\"og:type\" content=\"article\" \/>\n<meta property=\"og:title\" content=\"mentions l\u00e9gales - Centre de Vacances ALEB\" \/>\n<meta property=\"og:description\" content=\"Vos donn\u00e9es personnelles Les informations collect\u00e9es sur le site malod.fr sont destin\u00e9es au ALEB. Elles font l\u2019objet d\u2019un traitement informatique &hellip;\" \/>\n<meta property=\"og:url\" content=\"http:\/\/www.aleb.fr\/2024\/mentions-legales\/\" \/>\n<meta property=\"og:site_name\" content=\"Centre de Vacances ALEB\" \/>\n<meta property=\"article:publisher\" content=\"https:\/\/www.facebook.com\/aleb33\" \/>\n<meta name=\"twitter:card\" content=\"summary_large_image\" \/>\n<meta name=\"twitter:label1\" content=\"Dur\u00e9e de lecture estim\u00e9e\" \/>\n\t<meta name=\"twitter:data1\" content=\"3 minutes\" \/>\n<script type=\"application\/ld+json\" class=\"yoast-schema-graph\">{\"@context\":\"https:\/\/schema.org\",\"@graph\":[{\"@type\":\"WebPage\",\"@id\":\"http:\/\/www.aleb.fr\/2024\/mentions-legales\/\",\"url\":\"http:\/\/www.aleb.fr\/2024\/mentions-legales\/\",\"name\":\"mentions l\u00e9gales - Centre de Vacances ALEB\",\"isPartOf\":{\"@id\":\"http:\/\/www.aleb.fr\/2024\/#website\"},\"datePublished\":\"2015-04-08T16:25:35+00:00\",\"dateModified\":\"2015-04-08T16:25:35+00:00\",\"breadcrumb\":{\"@id\":\"http:\/\/www.aleb.fr\/2024\/mentions-legales\/#breadcrumb\"},\"inLanguage\":\"fr-FR\",\"potentialAction\":[{\"@type\":\"ReadAction\",\"target\":[\"http:\/\/www.aleb.fr\/2024\/mentions-legales\/\"]}]},{\"@type\":\"BreadcrumbList\",\"@id\":\"http:\/\/www.aleb.fr\/2024\/mentions-legales\/#breadcrumb\",\"itemListElement\":[{\"@type\":\"ListItem\",\"position\":1,\"name\":\"Accueil\",\"item\":\"http:\/\/www.aleb.fr\/2024\/\"},{\"@type\":\"ListItem\",\"position\":2,\"name\":\"mentions l\u00e9gales\"}]},{\"@type\":\"WebSite\",\"@id\":\"http:\/\/www.aleb.fr\/2024\/#website\",\"url\":\"http:\/\/www.aleb.fr\/2024\/\",\"name\":\"ALEB\",\"description\":\"Votre h\u00e9bergement au coeur du Bassin d&#039;Arcachon\",\"publisher\":{\"@id\":\"http:\/\/www.aleb.fr\/2024\/#organization\"},\"potentialAction\":[{\"@type\":\"SearchAction\",\"target\":{\"@type\":\"EntryPoint\",\"urlTemplate\":\"http:\/\/www.aleb.fr\/2024\/?s={search_term_string}\"},\"query-input\":{\"@type\":\"PropertyValueSpecification\",\"valueRequired\":true,\"valueName\":\"search_term_string\"}}],\"inLanguage\":\"fr-FR\"},{\"@type\":\"Organization\",\"@id\":\"http:\/\/www.aleb.fr\/2024\/#organization\",\"name\":\"Centre de Vacances ALEB\",\"url\":\"http:\/\/www.aleb.fr\/2024\/\",\"logo\":{\"@type\":\"ImageObject\",\"inLanguage\":\"fr-FR\",\"@id\":\"http:\/\/www.aleb.fr\/2024\/#\/schema\/logo\/image\/\",\"url\":\"http:\/\/www.aleb.fr\/2024\/wp-content\/uploads\/2015\/03\/cropped-logo.png\",\"contentUrl\":\"http:\/\/www.aleb.fr\/2024\/wp-content\/uploads\/2015\/03\/cropped-logo.png\",\"width\":129,\"height\":144,\"caption\":\"Centre de Vacances ALEB\"},\"image\":{\"@id\":\"http:\/\/www.aleb.fr\/2024\/#\/schema\/logo\/image\/\"},\"sameAs\":[\"https:\/\/www.facebook.com\/aleb33\"]}]}<\/script>\n<!-- \/ Yoast SEO plugin. -->","yoast_head_json":{"title":"mentions l\u00e9gales - Centre de Vacances ALEB","robots":{"index":"index","follow":"follow","max-snippet":"max-snippet:-1","max-image-preview":"max-image-preview:large","max-video-preview":"max-video-preview:-1"},"canonical":"http:\/\/www.aleb.fr\/2024\/mentions-legales\/","og_locale":"fr_FR","og_type":"article","og_title":"mentions l\u00e9gales - Centre de Vacances ALEB","og_description":"Vos donn\u00e9es personnelles Les informations collect\u00e9es sur le site malod.fr sont destin\u00e9es au ALEB. Elles font l\u2019objet d\u2019un traitement informatique &hellip;","og_url":"http:\/\/www.aleb.fr\/2024\/mentions-legales\/","og_site_name":"Centre de Vacances ALEB","article_publisher":"https:\/\/www.facebook.com\/aleb33","twitter_card":"summary_large_image","twitter_misc":{"Dur\u00e9e de lecture estim\u00e9e":"3 minutes"},"schema":{"@context":"https:\/\/schema.org","@graph":[{"@type":"WebPage","@id":"http:\/\/www.aleb.fr\/2024\/mentions-legales\/","url":"http:\/\/www.aleb.fr\/2024\/mentions-legales\/","name":"mentions l\u00e9gales - Centre de Vacances ALEB","isPartOf":{"@id":"http:\/\/www.aleb.fr\/2024\/#website"},"datePublished":"2015-04-08T16:25:35+00:00","dateModified":"2015-04-08T16:25:35+00:00","breadcrumb":{"@id":"http:\/\/www.aleb.fr\/2024\/mentions-legales\/#breadcrumb"},"inLanguage":"fr-FR","potentialAction":[{"@type":"ReadAction","target":["http:\/\/www.aleb.fr\/2024\/mentions-legales\/"]}]},{"@type":"BreadcrumbList","@id":"http:\/\/www.aleb.fr\/2024\/mentions-legales\/#breadcrumb","itemListElement":[{"@type":"ListItem","position":1,"name":"Accueil","item":"http:\/\/www.aleb.fr\/2024\/"},{"@type":"ListItem","position":2,"name":"mentions l\u00e9gales"}]},{"@type":"WebSite","@id":"http:\/\/www.aleb.fr\/2024\/#website","url":"http:\/\/www.aleb.fr\/2024\/","name":"ALEB","description":"Votre h\u00e9bergement au coeur du Bassin d&#039;Arcachon","publisher":{"@id":"http:\/\/www.aleb.fr\/2024\/#organization"},"potentialAction":[{"@type":"SearchAction","target":{"@type":"EntryPoint","urlTemplate":"http:\/\/www.aleb.fr\/2024\/?s={search_term_string}"},"query-input":{"@type":"PropertyValueSpecification","valueRequired":true,"valueName":"search_term_string"}}],"inLanguage":"fr-FR"},{"@type":"Organization","@id":"http:\/\/www.aleb.fr\/2024\/#organization","name":"Centre de Vacances ALEB","url":"http:\/\/www.aleb.fr\/2024\/","logo":{"@type":"ImageObject","inLanguage":"fr-FR","@id":"http:\/\/www.aleb.fr\/2024\/#\/schema\/logo\/image\/","url":"http:\/\/www.aleb.fr\/2024\/wp-content\/uploads\/2015\/03\/cropped-logo.png","contentUrl":"http:\/\/www.aleb.fr\/2024\/wp-content\/uploads\/2015\/03\/cropped-logo.png","width":129,"height":144,"caption":"Centre de Vacances ALEB"},"image":{"@id":"http:\/\/www.aleb.fr\/2024\/#\/schema\/logo\/image\/"},"sameAs":["https:\/\/www.facebook.com\/aleb33"]}]}},"_links":{"self":[{"href":"http:\/\/www.aleb.fr\/2024\/wp-json\/wp\/v2\/pages\/366","targetHints":{"allow":["GET"]}}],"collection":[{"href":"http:\/\/www.aleb.fr\/2024\/wp-json\/wp\/v2\/pages"}],"about":[{"href":"http:\/\/www.aleb.fr\/2024\/wp-json\/wp\/v2\/types\/page"}],"author":[{"embeddable":true,"href":"http:\/\/www.aleb.fr\/2024\/wp-json\/wp\/v2\/users\/2"}],"replies":[{"embeddable":true,"href":"http:\/\/www.aleb.fr\/2024\/wp-json\/wp\/v2\/comments?post=366"}],"version-history":[{"count":0,"href":"http:\/\/www.aleb.fr\/2024\/wp-json\/wp\/v2\/pages\/366\/revisions"}],"wp:attachment":[{"href":"http:\/\/www.aleb.fr\/2024\/wp-json\/wp\/v2\/media?parent=366"}],"curies":[{"name":"wp","href":"https:\/\/api.w.org\/{rel}","templated":true}]}}